{"id":43,"date":"2020-11-17T06:06:06","date_gmt":"2020-11-17T06:06:06","guid":{"rendered":"https:\/\/etat.informatics.buu.ac.th\/?page_id=43"},"modified":"2021-02-21T15:52:39","modified_gmt":"2021-02-21T15:52:39","slug":"etat-team","status":"publish","type":"page","link":"https:\/\/etat.informatics.buu.ac.th\/index.php\/etat-team\/","title":{"rendered":"ETAT Team"},"content":{"rendered":"\n<figure class=\"wp-block-table\"><table><tbody><tr><td class=\"has-text-align-right\" data-align=\"right\"><img loading=\"lazy\" width=\"512\" height=\"512\" class=\"wp-image-275\" style=\"width: 150px;\" src=\"https:\/\/etat.informatics.buu.ac.th\/wp-content\/uploads\/2021\/02\/Christian_Madritsch.jpg\" alt=\"\" srcset=\"https:\/\/etat.informatics.buu.ac.th\/wp-content\/uploads\/2021\/02\/Christian_Madritsch.jpg 512w, https:\/\/etat.informatics.buu.ac.th\/wp-content\/uploads\/2021\/02\/Christian_Madritsch-300x300.jpg 300w, https:\/\/etat.informatics.buu.ac.th\/wp-content\/uploads\/2021\/02\/Christian_Madritsch-150x150.jpg 150w\" sizes=\"(max-width: 512px) 100vw, 512px\" \/><\/td><td><strong>Carinthia University of Applied Sciences (CUAS)<\/strong><br>Christian Madritsch<br><a href=\"mailto:C.Madritsch@fh-kaernten.at\" target=\"_blank\" rel=\"noreferrer noopener\">C.Madritsch@fh-kaernten.at<\/a><br><\/td><\/tr><tr><td class=\"has-text-align-right\" data-align=\"right\"><img loading=\"lazy\" width=\"206\" height=\"206\" class=\"wp-image-276\" style=\"width: 150px;\" src=\"https:\/\/etat.informatics.buu.ac.th\/wp-content\/uploads\/2021\/02\/Erwin-Smet.png\" alt=\"\" srcset=\"https:\/\/etat.informatics.buu.ac.th\/wp-content\/uploads\/2021\/02\/Erwin-Smet.png 206w, https:\/\/etat.informatics.buu.ac.th\/wp-content\/uploads\/2021\/02\/Erwin-Smet-150x150.png 150w\" sizes=\"(max-width: 206px) 100vw, 206px\" \/><\/td><td><strong>University of Antwerp (UAntwerp)<\/strong><br>Erwin Smet<br><a href=\"mailto:erwin.smet@uantwerpen.be\" target=\"_blank\" rel=\"noreferrer noopener\">erwin.smet@uantwerpen.be<\/a><\/td><\/tr><tr><td class=\"has-text-align-right\" data-align=\"right\"><img loading=\"lazy\" width=\"166\" height=\"205\" class=\"wp-image-277\" style=\"width: 150px;\" src=\"https:\/\/etat.informatics.buu.ac.th\/wp-content\/uploads\/2021\/02\/Felipe-Mateos-Martin.jpg\" alt=\"\"><\/td><td><strong>Universidad de Oviedo (UNIOVI)<\/strong><br>Felipe Mateos Mart\u00edn<br><a href=\"mailto:fmateos@uniovi.es\" target=\"_blank\" rel=\"noreferrer noopener\">fmateos@uniovi.es<\/a><\/td><\/tr><tr><td class=\"has-text-align-right\" data-align=\"right\"><img loading=\"lazy\" width=\"135\" height=\"181\" class=\"wp-image-278\" style=\"width: 150px;\" src=\"https:\/\/etat.informatics.buu.ac.th\/wp-content\/uploads\/2021\/02\/Maria-Teresa-Restivo.jpg\" alt=\"\"><\/td><td><strong>University of Porto (UPorto)<\/strong><br>Maria Teresa Restivo<br><a href=\"mailto:trestivo@gcloud.fe.up.pt\" target=\"_blank\" rel=\"noreferrer noopener\">trestivo@gcloud.fe.up.pt<\/a><\/td><\/tr><tr><td class=\"has-text-align-right\" data-align=\"right\"><img loading=\"lazy\" width=\"512\" height=\"512\" class=\"wp-image-279\" style=\"width: 150px;\" src=\"https:\/\/etat.informatics.buu.ac.th\/wp-content\/uploads\/2021\/02\/Reinhard-Langmann.jpg\" alt=\"\" srcset=\"https:\/\/etat.informatics.buu.ac.th\/wp-content\/uploads\/2021\/02\/Reinhard-Langmann.jpg 512w, https:\/\/etat.informatics.buu.ac.th\/wp-content\/uploads\/2021\/02\/Reinhard-Langmann-300x300.jpg 300w, https:\/\/etat.informatics.buu.ac.th\/wp-content\/uploads\/2021\/02\/Reinhard-Langmann-150x150.jpg 150w\" sizes=\"(max-width: 512px) 100vw, 512px\" \/><\/td><td><strong>EduNet World Association e.V. (EWA)<\/strong><br>Reinhard Langmann<br><a href=\"mailto:langmann@ccad.eu\" target=\"_blank\" rel=\"noreferrer noopener\">langmann@ccad.eu<\/a><\/td><\/tr><tr><td class=\"has-text-align-right\" data-align=\"right\"><img loading=\"lazy\" width=\"325\" height=\"155\" class=\"wp-image-280\" style=\"width: 150px;\" src=\"https:\/\/etat.informatics.buu.ac.th\/wp-content\/uploads\/2021\/02\/Katarina-Zakova.jpg\" alt=\"\" srcset=\"https:\/\/etat.informatics.buu.ac.th\/wp-content\/uploads\/2021\/02\/Katarina-Zakova.jpg 325w, https:\/\/etat.informatics.buu.ac.th\/wp-content\/uploads\/2021\/02\/Katarina-Zakova-300x143.jpg 300w\" sizes=\"(max-width: 325px) 100vw, 325px\" \/><\/td><td><strong>Slovak University of Technology in Bratislava (STU)<\/strong><br>Katar\u00edna \u017d\u00e1kov\u00e1<br><a href=\"mailto:katarina.zakova@stuba.sk\" target=\"_blank\" rel=\"noreferrer noopener\">katarina.zakova@stuba.sk<\/a><\/td><\/tr><tr><td class=\"has-text-align-right\" data-align=\"right\"><img loading=\"lazy\" width=\"260\" height=\"260\" class=\"wp-image-287\" style=\"width: 150px;\" src=\"https:\/\/etat.informatics.buu.ac.th\/wp-content\/uploads\/2021\/02\/Erwin-Rauch.jpg\" alt=\"\" srcset=\"https:\/\/etat.informatics.buu.ac.th\/wp-content\/uploads\/2021\/02\/Erwin-Rauch.jpg 260w, https:\/\/etat.informatics.buu.ac.th\/wp-content\/uploads\/2021\/02\/Erwin-Rauch-150x150.jpg 150w\" sizes=\"(max-width: 260px) 100vw, 260px\" \/><\/td><td><strong>Free University of Bozen-Bolzano (UNIBZ)<\/strong><br>Erwin Rauch<br><a href=\"mailto:erwin.rauch@unibz.it\" target=\"_blank\" rel=\"noreferrer noopener\">erwin.rauch@unibz.it<\/a><\/td><\/tr><tr><td class=\"has-text-align-right\" data-align=\"right\"><img loading=\"lazy\" width=\"200\" height=\"200\" class=\"wp-image-281\" style=\"width: 150px;\" src=\"https:\/\/etat.informatics.buu.ac.th\/wp-content\/uploads\/2021\/02\/prajaks-jitngernmadan.jpg\" alt=\"\" srcset=\"https:\/\/etat.informatics.buu.ac.th\/wp-content\/uploads\/2021\/02\/prajaks-jitngernmadan.jpg 200w, https:\/\/etat.informatics.buu.ac.th\/wp-content\/uploads\/2021\/02\/prajaks-jitngernmadan-150x150.jpg 150w\" sizes=\"(max-width: 200px) 100vw, 200px\" \/><\/td><td><strong>Burapha University (BUU)<\/strong><br>Prajaks Jitngernmadan<br><a rel=\"noreferrer noopener\" href=\"mailto:prajaks@buu.ac.th\" target=\"_blank\">prajaks@buu.ac.th<\/a><\/td><\/tr><tr><td class=\"has-text-align-right\" data-align=\"right\"><img loading=\"lazy\" width=\"100\" height=\"100\" class=\"wp-image-282\" style=\"width: 150px;\" src=\"https:\/\/etat.informatics.buu.ac.th\/wp-content\/uploads\/2021\/02\/Pongpat-Singsri.jpg\" alt=\"\"><\/td><td><strong>Rajamangala University of Technology Tawan-ok (RMUTTO)<\/strong><br>Pongpat Singsri<br><a rel=\"noreferrer noopener\" href=\"mailto:pongpat_si@rmutto.ac.th\" target=\"_blank\">pongpat_si@rmutto.ac.th<\/a><\/td><\/tr><tr><td class=\"has-text-align-right\" data-align=\"right\"><img loading=\"lazy\" width=\"512\" height=\"512\" class=\"wp-image-283\" style=\"width: 150px;\" src=\"https:\/\/etat.informatics.buu.ac.th\/wp-content\/uploads\/2021\/02\/Narongsak-Putpuek.jpg\" alt=\"\" srcset=\"https:\/\/etat.informatics.buu.ac.th\/wp-content\/uploads\/2021\/02\/Narongsak-Putpuek.jpg 512w, https:\/\/etat.informatics.buu.ac.th\/wp-content\/uploads\/2021\/02\/Narongsak-Putpuek-300x300.jpg 300w, https:\/\/etat.informatics.buu.ac.th\/wp-content\/uploads\/2021\/02\/Narongsak-Putpuek-150x150.jpg 150w\" sizes=\"(max-width: 512px) 100vw, 512px\" \/><\/td><td><strong>Rajabhat Rajanagarindra University (RRU)<\/strong><br>Narongsak Putpuek<br><a rel=\"noreferrer noopener\" href=\"mailto:narongsak.put@csit.rru.ac.th\" target=\"_blank\">narongsak.put@csit.rru.ac.th<\/a><\/td><\/tr><tr><td class=\"has-text-align-right\" data-align=\"right\"><img loading=\"lazy\" width=\"223\" height=\"226\" class=\"wp-image-284\" style=\"width: 150px;\" src=\"https:\/\/etat.informatics.buu.ac.th\/wp-content\/uploads\/2021\/02\/Saman-Kumpakeaw.jpg\" alt=\"\"><\/td><td><strong>King Mongkut\u2019s University of Technology North Bangkok (KMUTNB)<\/strong><br>Saman Kumpakeaw<br><a rel=\"noreferrer noopener\" href=\"mailto:saman.k@eat.kmutnb.ac.th\" target=\"_blank\">saman.k@eat.kmutnb.ac.th<\/a><\/td><\/tr><tr><td class=\"has-text-align-right\" data-align=\"right\"><img loading=\"lazy\" width=\"406\" height=\"512\" class=\"wp-image-285\" style=\"width: 150px;\" src=\"https:\/\/etat.informatics.buu.ac.th\/wp-content\/uploads\/2021\/02\/Supaporn-Bundasak.jpg\" alt=\"\" srcset=\"https:\/\/etat.informatics.buu.ac.th\/wp-content\/uploads\/2021\/02\/Supaporn-Bundasak.jpg 406w, https:\/\/etat.informatics.buu.ac.th\/wp-content\/uploads\/2021\/02\/Supaporn-Bundasak-238x300.jpg 238w\" sizes=\"(max-width: 406px) 100vw, 406px\" \/><\/td><td><strong>Kasetsart University (KU)<\/strong><br>Supaporn Bundasak<br><a rel=\"noreferrer noopener\" href=\"mailto:supaporn.band@ku.th\" target=\"_blank\">supaporn.band@ku.th<\/a><\/td><\/tr><tr><td class=\"has-text-align-right\" data-align=\"right\"><img loading=\"lazy\" width=\"225\" height=\"225\" class=\"wp-image-286\" style=\"width: 150px;\" src=\"https:\/\/etat.informatics.buu.ac.th\/wp-content\/uploads\/2021\/02\/Warangkhana-Kimpan.jpg\" alt=\"\" srcset=\"https:\/\/etat.informatics.buu.ac.th\/wp-content\/uploads\/2021\/02\/Warangkhana-Kimpan.jpg 225w, https:\/\/etat.informatics.buu.ac.th\/wp-content\/uploads\/2021\/02\/Warangkhana-Kimpan-150x150.jpg 150w\" sizes=\"(max-width: 225px) 100vw, 225px\" \/><\/td><td><strong>King Mongkut&#8217;s Institute of Technology Ladkrabang (KMITL)<\/strong><br>Warangkhana Kimpan <br><a rel=\"noreferrer noopener\" href=\"mailto:warangkhana.ki@kmitl.ac.th\" target=\"_blank\">warangkhana.ki@kmitl.ac.th<\/a><\/td><\/tr><tr><td class=\"has-text-align-right\" data-align=\"right\"><img loading=\"lazy\" width=\"177\" height=\"214\" class=\"wp-image-288\" style=\"width: 150px;\" src=\"https:\/\/etat.informatics.buu.ac.th\/wp-content\/uploads\/2021\/02\/Nayot-Kurukitkoson.jpg\" alt=\"\"><\/td><td><strong>Eastern Economic Corridor \u2013 Human Resource Development Centre (EEC-HDC)<\/strong><br>Nayot Kurukitkoson<br><a href=\"mailto:nayot@eng.buu.ac.th\" target=\"_blank\" rel=\"noreferrer noopener\">nayot@eng.buu.ac.th<\/a><\/td><\/tr><\/tbody><\/table><\/figure>\n","protected":false},"excerpt":{"rendered":"<p>Carinthia University of Applied Sciences (CUAS)Christian MadritschC.Madritsch@fh-kaernten.at University of Antwerp (UAntwerp)Erwin Smeterwin.smet@uantwerpen.be Universidad de Oviedo (UNIOVI)Felipe Mateos Mart\u00ednfmateos@uniovi.es University of<\/p>\n","protected":false},"author":1,"featured_media":0,"parent":0,"menu_order":0,"comment_status":"closed","ping_status":"closed","template":"","meta":{"_monsterinsights_skip_tracking":false,"_monsterinsights_sitenote_active":false,"_monsterinsights_sitenote_note":"","_monsterinsights_sitenote_category":0},"_links":{"self":[{"href":"https:\/\/etat.informatics.buu.ac.th\/index.php\/wp-json\/wp\/v2\/pages\/43"}],"collection":[{"href":"https:\/\/etat.informatics.buu.ac.th\/index.php\/wp-json\/wp\/v2\/pages"}],"about":[{"href":"https:\/\/etat.informatics.buu.ac.th\/index.php\/wp-json\/wp\/v2\/types\/page"}],"author":[{"embeddable":true,"href":"https:\/\/etat.informatics.buu.ac.th\/index.php\/wp-json\/wp\/v2\/users\/1"}],"replies":[{"embeddable":true,"href":"https:\/\/etat.informatics.buu.ac.th\/index.php\/wp-json\/wp\/v2\/comments?post=43"}],"version-history":[{"count":15,"href":"https:\/\/etat.informatics.buu.ac.th\/index.php\/wp-json\/wp\/v2\/pages\/43\/revisions"}],"predecessor-version":[{"id":291,"href":"https:\/\/etat.informatics.buu.ac.th\/index.php\/wp-json\/wp\/v2\/pages\/43\/revisions\/291"}],"wp:attachment":[{"href":"https:\/\/etat.informatics.buu.ac.th\/index.php\/wp-json\/wp\/v2\/media?parent=43"}],"curies":[{"name":"wp","href":"https:\/\/api.w.org\/{rel}","templated":true}]}}